{"id":2394,"date":"2024-10-17T06:18:52","date_gmt":"2024-10-17T06:18:52","guid":{"rendered":"https:\/\/premierestg.wpengine.com\/auto-accident-injury-physical-therapy-services-in-los-angeles\/"},"modified":"2025-09-19T10:02:57","modified_gmt":"2025-09-19T10:02:57","slug":"physical-therapy-services","status":"publish","type":"page","link":"https:\/\/premierechiro.com\/es\/physical-therapy-services\/","title":{"rendered":"Auto Accident Injury Physical Therapy Services In Los Angeles"},"content":{"rendered":"\t\t<div data-elementor-type=\"wp-page\" data-elementor-id=\"2394\" class=\"elementor elementor-2394 elementor-1187\" data-elementor-post-type=\"page\">\n\t\t\t\t\t\t<section class=\"elementor-section elementor-top-section elementor-element elementor-element-40e2a1ee0 inner-banner-section elementor-section-boxed elementor-section-height-default elementor-section-height-default wpr-particle-no wpr-jarallax-no wpr-parallax-no wpr-sticky-section-no\" data-id=\"40e2a1ee0\" data-element_type=\"section\" data-settings=\"{&quot;background_background&quot;:&quot;classic&quot;}\">\n\t\t\t\t\t\t<div class=\"elementor-container elementor-column-gap-default\">\n\t\t\t\t\t<div class=\"elementor-column elementor-col-100 elementor-top-column elementor-element elementor-element-164719f1\" data-id=\"164719f1\" data-element_type=\"column\">\n\t\t\t<div class=\"elementor-widget-wrap elementor-element-populated\">\n\t\t\t\t\t\t<section class=\"elementor-section elementor-inner-section elementor-element elementor-element-6259233c elementor-section-full_width elementor-section-height-min-height elementor-section-content-bottom elementor-section-height-default wpr-particle-no wpr-jarallax-no wpr-parallax-no wpr-sticky-section-no\" data-id=\"6259233c\" data-element_type=\"section\" data-settings=\"{&quot;background_background&quot;:&quot;classic&quot;}\">\n\t\t\t\t\t\t<div class=\"elementor-container elementor-column-gap-no\">\n\t\t\t\t\t<div class=\"elementor-column elementor-col-50 elementor-inner-column elementor-element elementor-element-238dc785\" data-id=\"238dc785\" data-element_type=\"column\">\n\t\t\t<div class=\"elementor-widget-wrap elementor-element-populated\">\n\t\t\t\t\t\t<div class=\"elementor-element elementor-element-90dd038 elementor-widget elementor-widget-heading\" data-id=\"90dd038\" data-element_type=\"widget\" data-widget_type=\"heading.default\">\n\t\t\t\t<div class=\"elementor-widget-container\">\n\t\t\t<h1 class=\"elementor-heading-title elementor-size-default\">Servicios de fisioterapia por lesiones por accidentes automovil\u00edsticos en Los \u00c1ngeles<\/h1>\t\t<\/div>\n\t\t\t\t<\/div>\n\t\t\t\t<div class=\"elementor-element elementor-element-e866b0f elementor-align-left elementor-widget elementor-widget-button\" data-id=\"e866b0f\" data-element_type=\"widget\" data-widget_type=\"button.default\">\n\t\t\t\t<div class=\"elementor-widget-container\">\n\t\t\t\t\t<div class=\"elementor-button-wrapper\">\n\t\t\t<a class=\"elementor-button elementor-button-link elementor-size-sm\" href=\"#\">\n\t\t\t\t\t\t<span class=\"elementor-button-content-wrapper\">\n\t\t\t\t\t\t<span class=\"elementor-button-icon\">\n\t\t\t\t<svg aria-hidden=\"true\" class=\"e-font-icon-svg e-fas-angle-right\" viewBox=\"0 0 256 512\" xmlns=\"http:\/\/www.w3.org\/2000\/svg\"><path d=\"M224.3 273l-136 136c-9.4 9.4-24.6 9.4-33.9 0l-22.6-22.6c-9.4-9.4-9.4-24.6 0-33.9l96.4-96.4-96.4-96.4c-9.4-9.4-9.4-24.6 0-33.9L54.3 103c9.4-9.4 24.6-9.4 33.9 0l136 136c9.5 9.4 9.5 24.6.1 34z\"><\/path><\/svg>\t\t\t<\/span>\n\t\t\t\t\t\t\t\t\t<span class=\"elementor-button-text\">Programar una cita<\/span>\n\t\t\t\t\t<\/span>\n\t\t\t\t\t<\/a>\n\t\t<\/div>\n\t\t\t\t<\/div>\n\t\t\t\t<\/div>\n\t\t\t\t\t<\/div>\n\t\t<\/div>\n\t\t\t\t<div class=\"elementor-column elementor-col-50 elementor-inner-column elementor-element elementor-element-052b034 elementor-invisible\" data-id=\"052b034\" data-element_type=\"column\" data-settings=\"{&quot;animation&quot;:&quot;slideInUp&quot;,&quot;background_background&quot;:&quot;classic&quot;}\">\n\t\t\t<div class=\"elementor-widget-wrap\">\n\t\t\t\t\t\t\t<\/div>\n\t\t<\/div>\n\t\t\t\t\t<\/div>\n\t\t<\/section>\n\t\t\t\t\t<\/div>\n\t\t<\/div>\n\t\t\t\t\t<\/div>\n\t\t<\/section>\n\t\t\t\t<section class=\"elementor-section elementor-top-section elementor-element elementor-element-8b9d814 inner-page-content-section elementor-section-boxed elementor-section-height-default elementor-section-height-default wpr-particle-no wpr-jarallax-no wpr-parallax-no wpr-sticky-section-no\" data-id=\"8b9d814\" data-element_type=\"section\" data-settings=\"{&quot;background_background&quot;:&quot;classic&quot;}\">\n\t\t\t\t\t\t<div class=\"elementor-container elementor-column-gap-default\">\n\t\t\t\t\t<div class=\"elementor-column elementor-col-100 elementor-top-column elementor-element elementor-element-f6219df\" data-id=\"f6219df\" data-element_type=\"column\">\n\t\t\t<div class=\"elementor-widget-wrap elementor-element-populated\">\n\t\t\t\t\t\t<section class=\"elementor-section elementor-inner-section elementor-element elementor-element-cd455d4 elementor-section-boxed elementor-section-height-default elementor-section-height-default wpr-particle-no wpr-jarallax-no wpr-parallax-no wpr-sticky-section-no\" data-id=\"cd455d4\" data-element_type=\"section\">\n\t\t\t\t\t\t<div class=\"elementor-container elementor-column-gap-default\">\n\t\t\t\t\t<div class=\"elementor-column elementor-col-100 elementor-inner-column elementor-element elementor-element-47411ea\" data-id=\"47411ea\" data-element_type=\"column\">\n\t\t\t<div class=\"elementor-widget-wrap elementor-element-populated\">\n\t\t\t\t\t\t<div class=\"elementor-element elementor-element-b2bd019 elementor-invisible elementor-widget elementor-widget-heading\" data-id=\"b2bd019\" data-element_type=\"widget\" data-settings=\"{&quot;_animation&quot;:&quot;fadeInUp&quot;}\" data-widget_type=\"heading.default\">\n\t\t\t\t<div class=\"elementor-widget-container\">\n\t\t\t<h2 class=\"elementor-heading-title elementor-size-default\">Servicios de fisioterapia por lesiones por accidentes automovil\u00edsticos en Los \u00c1ngeles<\/h2>\t\t<\/div>\n\t\t\t\t<\/div>\n\t\t\t\t<div class=\"elementor-element elementor-element-727a8ca elementor-invisible elementor-widget elementor-widget-text-editor\" data-id=\"727a8ca\" data-element_type=\"widget\" data-settings=\"{&quot;_animation&quot;:&quot;fadeInUp&quot;}\" data-widget_type=\"text-editor.default\">\n\t\t\t\t<div class=\"elementor-widget-container\">\n\t\t\t\t\t\t\t<p>La fisioterapia es una parte esencial del proceso de recuperaci\u00f3n para aquellos que han sufrido una lesi\u00f3n por accidente automovil\u00edstico. En Premiere Chiropractic &amp; Sports Medicine, entendemos que las lesiones por accidentes automovil\u00edsticos pueden ser dolorosas y debilitantes, por eso ofrecemos servicios de fisioterapia para ayudarlo a recuperarse de su lesi\u00f3n y volver a su vida normal.<\/p><p>Nuestros servicios de fisioterapia est\u00e1n dise\u00f1ados para satisfacer las necesidades individuales de cada paciente y est\u00e1n dise\u00f1ados para reducir el dolor, mejorar la movilidad y restaurar la funci\u00f3n. Brindamos una evaluaci\u00f3n integral para determinar el mejor curso de tratamiento para cada paciente. Durante esta evaluaci\u00f3n, evaluamos el rango de movimiento, la fuerza y la flexibilidad del paciente, y tambi\u00e9n tenemos en cuenta cualquier condici\u00f3n preexistente que pueda afectar la recuperaci\u00f3n del paciente.<\/p><p>Una vez finalizada la evaluaci\u00f3n, desarrollamos un plan de tratamiento personalizado adaptado a las necesidades individualizadas de cada paciente. Nuestros fisioterapeutas est\u00e1n altamente capacitados y tienen experiencia en el tratamiento de lesiones por accidentes automovil\u00edsticos y trabajan en estrecha colaboraci\u00f3n con nuestros quiropr\u00e1cticos para garantizar que se aborden todos los aspectos de la atenci\u00f3n del paciente.<\/p><p>Ofrecemos una amplia gama de servicios de fisioterapia para ayudarlo a recuperarse de su lesi\u00f3n por accidente automovil\u00edstico, que incluyen:<\/p><ul><li><strong>Terapia manual. <\/strong>Nuestras t\u00e9cnicas de terapia manual est\u00e1n dise\u00f1adas para reducir el dolor, mejorar el rango de movimiento y restaurar la funci\u00f3n. Utilizamos una variedad de t\u00e9cnicas pr\u00e1cticas para ayudarlo a recuperar la fuerza y la movilidad.<\/li><li><strong>Terapia de ejercicios. <\/strong>Ofrecemos programas de ejercicios personalizados adaptados a sus necesidades espec\u00edficas dise\u00f1ados para mejorar la fuerza, la flexibilidad y el equilibrio mientras lo ayudamos a recuperarse de su lesi\u00f3n por accidente automovil\u00edstico.<\/li><li><strong>Educaci\u00f3n postural. <\/strong>Brindamos educaci\u00f3n sobre la postura adecuada y la mec\u00e1nica corporal para ayudarlo a prevenir futuras lesiones y sobre c\u00f3mo realizar de manera segura las actividades cotidianas, como levantar, cargar y agacharse.<\/li><li>Ofrecemos una variedad de modalidades como ultrasonido, estimulaci\u00f3n el\u00e9ctrica y terapia de calor \/ fr\u00edo para ayudar a reducir el dolor y la inflamaci\u00f3n.<\/li><\/ul><p>Nuestro equipo quiropr\u00e1ctico se compromete a ayudarlo a recuperarse de su lesi\u00f3n por accidente automovil\u00edstico de manera r\u00e1pida y segura para que pueda volver a sus actividades normales lo antes posible. Nuestros fisioterapeutas est\u00e1n comprometidos a brindarle atenci\u00f3n de la m\u00e1s alta calidad y trabajar\u00e1n con usted en cada paso del camino para garantizar que reciba el mejor tratamiento posible para su lesi\u00f3n por accidente automovil\u00edstico.<\/p><p>Entendemos que las lesiones por accidentes automovil\u00edsticos pueden ser dif\u00edciles de manejar por su cuenta. Es por eso que ofrecemos servicios integrales de fisioterapia para ayudarlo a recuperarse de manera r\u00e1pida y segura. Nuestros fisioterapeutas trabajar\u00e1n con usted para desarrollar un plan de tratamiento personalizado que satisfaga sus necesidades individuales. Tambi\u00e9n brindaremos educaci\u00f3n y orientaci\u00f3n sobre c\u00f3mo prevenir futuras lesiones y mantener un estilo de vida saludable.<\/p><p>En Premiere Chiropractic &amp; Sports Medicine, creemos en brindar la m\u00e1s alta calidad de atenci\u00f3n a nuestros pacientes y nos esforzamos por asegurarnos de que cada paciente reciba el mejor tratamiento posible para su lesi\u00f3n por accidente automovil\u00edstico. Si est\u00e1 buscando ayuda para recuperarse de una lesi\u00f3n por accidente automovil\u00edstico, cont\u00e1ctenos hoy para obtener m\u00e1s informaci\u00f3n sobre nuestros servicios de fisioterapia y c\u00f3mo podemos ayudarlo a volver al camino hacia la recuperaci\u00f3n.<\/p><p>Si usted o alguien que conoce ha sufrido una lesi\u00f3n por accidente automovil\u00edstico, comun\u00edquese con nosotros hoy para obtener m\u00e1s informaci\u00f3n sobre nuestros servicios de fisioterapia. Nuestro experimentado equipo est\u00e1 aqu\u00ed para ayudarlo a recuperarse y emprender el camino hacia la recuperaci\u00f3n. No dude en llamarnos hoy al 310-340-1439 o <a href=\"https:\/\/premierechiro.com\/contact-us\/\"><strong>Solicite una cita<\/strong><\/a>.<\/p>\t\t\t\t\t\t<\/div>\n\t\t\t\t<\/div>\n\t\t\t\t\t<\/div>\n\t\t<\/div>\n\t\t\t\t\t<\/div>\n\t\t<\/section>\n\t\t\t\t\t<\/div>\n\t\t<\/div>\n\t\t\t\t\t<\/div>\n\t\t<\/section>\n\t\t\t\t<\/div>\n\t\t","protected":false},"excerpt":{"rendered":"<p>Servicios de fisioterapia por lesiones por accidentes automovil\u00edsticos en Los \u00c1ngeles Programar una cita Servicios de fisioterapia por lesiones por accidentes automovil\u00edsticos en Los \u00c1ngeles La fisioterapia es una parte&#8230;<\/p>\n","protected":false},"author":1,"featured_media":0,"parent":0,"menu_order":0,"comment_status":"closed","ping_status":"closed","template":"full_width.php","meta":{"_acf_changed":false,"footnotes":""},"class_list":["post-2394","page","type-page","status-publish","hentry"],"acf":[],"yoast_head":"<!-- This site is optimized with the Yoast SEO plugin v26.1.1 - https:\/\/yoast.com\/wordpress\/plugins\/seo\/ -->\n<title>Auto Accident Injury Physical Therapy Services In Los Angeles - Premierechiro<\/title>\n<meta name=\"robots\" content=\"index, follow, max-snippet:-1, max-image-preview:large, max-video-preview:-1\" \/>\n<link rel=\"canonical\" href=\"https:\/\/premierechiro.com\/es\/physical-therapy-services\/\" \/>\n<meta property=\"og:locale\" content=\"es_ES\" \/>\n<meta property=\"og:type\" content=\"article\" \/>\n<meta property=\"og:title\" content=\"Auto Accident Injury Physical Therapy Services In Los Angeles - Premierechiro\" \/>\n<meta property=\"og:description\" content=\"Servicios de fisioterapia por lesiones por accidentes automovil\u00edsticos en Los \u00c1ngeles Programar una cita Servicios de fisioterapia por lesiones por accidentes automovil\u00edsticos en Los \u00c1ngeles La fisioterapia es una parte...\" \/>\n<meta property=\"og:url\" content=\"https:\/\/premierechiro.com\/es\/physical-therapy-services\/\" \/>\n<meta property=\"og:site_name\" content=\"Premierechiro\" \/>\n<meta property=\"article:modified_time\" content=\"2025-09-19T10:02:57+00:00\" \/>\n<meta name=\"twitter:card\" content=\"summary_large_image\" \/>\n<meta name=\"twitter:label1\" content=\"Tiempo de lectura\" \/>\n\t<meta name=\"twitter:data1\" content=\"3 minutos\" \/>\n<script type=\"application\/ld+json\" class=\"yoast-schema-graph\">{\"@context\":\"https:\/\/schema.org\",\"@graph\":[{\"@type\":\"WebPage\",\"@id\":\"https:\/\/premierechiro.com\/es\/physical-therapy-services\/\",\"url\":\"https:\/\/premierechiro.com\/es\/physical-therapy-services\/\",\"name\":\"Auto Accident Injury Physical Therapy Services In Los Angeles - Premierechiro\",\"isPartOf\":{\"@id\":\"https:\/\/premierechiro.com\/#website\"},\"datePublished\":\"2024-10-17T06:18:52+00:00\",\"dateModified\":\"2025-09-19T10:02:57+00:00\",\"breadcrumb\":{\"@id\":\"https:\/\/premierechiro.com\/es\/physical-therapy-services\/#breadcrumb\"},\"inLanguage\":\"es\",\"potentialAction\":[{\"@type\":\"ReadAction\",\"target\":[\"https:\/\/premierechiro.com\/es\/physical-therapy-services\/\"]}]},{\"@type\":\"BreadcrumbList\",\"@id\":\"https:\/\/premierechiro.com\/es\/physical-therapy-services\/#breadcrumb\",\"itemListElement\":[{\"@type\":\"ListItem\",\"position\":1,\"name\":\"Home\",\"item\":\"https:\/\/premierechiro.com\/\"},{\"@type\":\"ListItem\",\"position\":2,\"name\":\"Auto Accident Injury Physical Therapy Services In Los Angeles\"}]},{\"@type\":\"WebSite\",\"@id\":\"https:\/\/premierechiro.com\/#website\",\"url\":\"https:\/\/premierechiro.com\/\",\"name\":\"Premierechiro\",\"description\":\"Premiere Chiropractic &amp; Sports Medicine\",\"potentialAction\":[{\"@type\":\"SearchAction\",\"target\":{\"@type\":\"EntryPoint\",\"urlTemplate\":\"https:\/\/premierechiro.com\/?s={search_term_string}\"},\"query-input\":{\"@type\":\"PropertyValueSpecification\",\"valueRequired\":true,\"valueName\":\"search_term_string\"}}],\"inLanguage\":\"es\"}]}<\/script>\n<!-- \/ Yoast SEO plugin. -->","yoast_head_json":{"title":"Auto Accident Injury Physical Therapy Services In Los Angeles - Premierechiro","robots":{"index":"index","follow":"follow","max-snippet":"max-snippet:-1","max-image-preview":"max-image-preview:large","max-video-preview":"max-video-preview:-1"},"canonical":"https:\/\/premierechiro.com\/es\/physical-therapy-services\/","og_locale":"es_ES","og_type":"article","og_title":"Auto Accident Injury Physical Therapy Services In Los Angeles - Premierechiro","og_description":"Servicios de fisioterapia por lesiones por accidentes automovil\u00edsticos en Los \u00c1ngeles Programar una cita Servicios de fisioterapia por lesiones por accidentes automovil\u00edsticos en Los \u00c1ngeles La fisioterapia es una parte...","og_url":"https:\/\/premierechiro.com\/es\/physical-therapy-services\/","og_site_name":"Premierechiro","article_modified_time":"2025-09-19T10:02:57+00:00","twitter_card":"summary_large_image","twitter_misc":{"Tiempo de lectura":"3 minutos"},"schema":{"@context":"https:\/\/schema.org","@graph":[{"@type":"WebPage","@id":"https:\/\/premierechiro.com\/es\/physical-therapy-services\/","url":"https:\/\/premierechiro.com\/es\/physical-therapy-services\/","name":"Auto Accident Injury Physical Therapy Services In Los Angeles - Premierechiro","isPartOf":{"@id":"https:\/\/premierechiro.com\/#website"},"datePublished":"2024-10-17T06:18:52+00:00","dateModified":"2025-09-19T10:02:57+00:00","breadcrumb":{"@id":"https:\/\/premierechiro.com\/es\/physical-therapy-services\/#breadcrumb"},"inLanguage":"es","potentialAction":[{"@type":"ReadAction","target":["https:\/\/premierechiro.com\/es\/physical-therapy-services\/"]}]},{"@type":"BreadcrumbList","@id":"https:\/\/premierechiro.com\/es\/physical-therapy-services\/#breadcrumb","itemListElement":[{"@type":"ListItem","position":1,"name":"Home","item":"https:\/\/premierechiro.com\/"},{"@type":"ListItem","position":2,"name":"Auto Accident Injury Physical Therapy Services In Los Angeles"}]},{"@type":"WebSite","@id":"https:\/\/premierechiro.com\/#website","url":"https:\/\/premierechiro.com\/","name":"Premierechiro","description":"Premiere Chiropractic &amp; Sports Medicine","potentialAction":[{"@type":"SearchAction","target":{"@type":"EntryPoint","urlTemplate":"https:\/\/premierechiro.com\/?s={search_term_string}"},"query-input":{"@type":"PropertyValueSpecification","valueRequired":true,"valueName":"search_term_string"}}],"inLanguage":"es"}]}},"_links":{"self":[{"href":"https:\/\/premierechiro.com\/es\/wp-json\/wp\/v2\/pages\/2394","targetHints":{"allow":["GET"]}}],"collection":[{"href":"https:\/\/premierechiro.com\/es\/wp-json\/wp\/v2\/pages"}],"about":[{"href":"https:\/\/premierechiro.com\/es\/wp-json\/wp\/v2\/types\/page"}],"author":[{"embeddable":true,"href":"https:\/\/premierechiro.com\/es\/wp-json\/wp\/v2\/users\/1"}],"replies":[{"embeddable":true,"href":"https:\/\/premierechiro.com\/es\/wp-json\/wp\/v2\/comments?post=2394"}],"version-history":[{"count":0,"href":"https:\/\/premierechiro.com\/es\/wp-json\/wp\/v2\/pages\/2394\/revisions"}],"wp:attachment":[{"href":"https:\/\/premierechiro.com\/es\/wp-json\/wp\/v2\/media?parent=2394"}],"curies":[{"name":"wp","href":"https:\/\/api.w.org\/{rel}","templated":true}]}}