{"id":2072,"date":"2024-10-16T09:32:14","date_gmt":"2024-10-16T09:32:14","guid":{"rendered":"https:\/\/premierestg.wpengine.com\/medical-weight-loss\/"},"modified":"2025-10-02T05:27:18","modified_gmt":"2025-10-02T05:27:18","slug":"medical-weight-loss","status":"publish","type":"page","link":"https:\/\/premierechiro.com\/es\/medical-weight-loss\/","title":{"rendered":"Control de Peso"},"content":{"rendered":"\t\t<div data-elementor-type=\"wp-page\" data-elementor-id=\"2072\" class=\"elementor elementor-2072 elementor-1158\" data-elementor-post-type=\"page\">\n\t\t\t\t\t\t<section class=\"elementor-section elementor-top-section elementor-element elementor-element-40e2a1ee0 inner-banner-section elementor-section-boxed elementor-section-height-default elementor-section-height-default wpr-particle-no wpr-jarallax-no wpr-parallax-no wpr-sticky-section-no\" data-id=\"40e2a1ee0\" data-element_type=\"section\" data-settings=\"{&quot;background_background&quot;:&quot;classic&quot;}\">\n\t\t\t\t\t\t\t<div class=\"elementor-background-overlay\"><\/div>\n\t\t\t\t\t\t\t<div class=\"elementor-container elementor-column-gap-default\">\n\t\t\t\t\t<div class=\"elementor-column elementor-col-100 elementor-top-column elementor-element elementor-element-164719f1\" data-id=\"164719f1\" data-element_type=\"column\">\n\t\t\t<div class=\"elementor-widget-wrap elementor-element-populated\">\n\t\t\t\t\t\t<section class=\"elementor-section elementor-inner-section elementor-element elementor-element-6259233c elementor-section-full_width elementor-section-height-min-height elementor-section-content-bottom elementor-section-height-default wpr-particle-no wpr-jarallax-no wpr-parallax-no wpr-sticky-section-no\" data-id=\"6259233c\" data-element_type=\"section\" data-settings=\"{&quot;background_background&quot;:&quot;classic&quot;}\">\n\t\t\t\t\t\t<div class=\"elementor-container elementor-column-gap-no\">\n\t\t\t\t\t<div class=\"elementor-column elementor-col-50 elementor-inner-column elementor-element elementor-element-238dc785\" data-id=\"238dc785\" data-element_type=\"column\">\n\t\t\t<div class=\"elementor-widget-wrap elementor-element-populated\">\n\t\t\t\t\t\t<div class=\"elementor-element elementor-element-90dd038 elementor-widget elementor-widget-heading\" data-id=\"90dd038\" data-element_type=\"widget\" data-widget_type=\"heading.default\">\n\t\t\t\t<div class=\"elementor-widget-container\">\n\t\t\t<h1 class=\"elementor-heading-title elementor-size-default\">Tratamientos Garantizados para la P\u00e9rdida de Peso<\/h1>\t\t<\/div>\n\t\t\t\t<\/div>\n\t\t\t\t<div class=\"elementor-element elementor-element-e866b0f elementor-align-left elementor-widget elementor-widget-button\" data-id=\"e866b0f\" data-element_type=\"widget\" data-widget_type=\"button.default\">\n\t\t\t\t<div class=\"elementor-widget-container\">\n\t\t\t\t\t<div class=\"elementor-button-wrapper\">\n\t\t\t<a class=\"elementor-button elementor-button-link elementor-size-sm\" href=\"https:\/\/premierechiro.com\/schedule-an-appointment\/\">\n\t\t\t\t\t\t<span class=\"elementor-button-content-wrapper\">\n\t\t\t\t\t\t<span class=\"elementor-button-icon\">\n\t\t\t\t<svg aria-hidden=\"true\" class=\"e-font-icon-svg e-fas-angle-right\" viewBox=\"0 0 256 512\" xmlns=\"http:\/\/www.w3.org\/2000\/svg\"><path d=\"M224.3 273l-136 136c-9.4 9.4-24.6 9.4-33.9 0l-22.6-22.6c-9.4-9.4-9.4-24.6 0-33.9l96.4-96.4-96.4-96.4c-9.4-9.4-9.4-24.6 0-33.9L54.3 103c9.4-9.4 24.6-9.4 33.9 0l136 136c9.5 9.4 9.5 24.6.1 34z\"><\/path><\/svg>\t\t\t<\/span>\n\t\t\t\t\t\t\t\t\t<span class=\"elementor-button-text\">Programar una cita<\/span>\n\t\t\t\t\t<\/span>\n\t\t\t\t\t<\/a>\n\t\t<\/div>\n\t\t\t\t<\/div>\n\t\t\t\t<\/div>\n\t\t\t\t\t<\/div>\n\t\t<\/div>\n\t\t\t\t<div class=\"elementor-column elementor-col-50 elementor-inner-column elementor-element elementor-element-052b034 elementor-invisible\" data-id=\"052b034\" data-element_type=\"column\" data-settings=\"{&quot;animation&quot;:&quot;slideInUp&quot;,&quot;background_background&quot;:&quot;classic&quot;}\">\n\t\t\t<div class=\"elementor-widget-wrap\">\n\t\t\t\t\t\t\t<\/div>\n\t\t<\/div>\n\t\t\t\t\t<\/div>\n\t\t<\/section>\n\t\t\t\t\t<\/div>\n\t\t<\/div>\n\t\t\t\t\t<\/div>\n\t\t<\/section>\n\t\t\t\t<section class=\"elementor-section elementor-top-section elementor-element elementor-element-8b9d814 inner-page-content-section elementor-section-boxed elementor-section-height-default elementor-section-height-default wpr-particle-no wpr-jarallax-no wpr-parallax-no wpr-sticky-section-no\" data-id=\"8b9d814\" data-element_type=\"section\" data-settings=\"{&quot;background_background&quot;:&quot;classic&quot;}\">\n\t\t\t\t\t\t<div class=\"elementor-container elementor-column-gap-default\">\n\t\t\t\t\t<div class=\"elementor-column elementor-col-100 elementor-top-column elementor-element elementor-element-f6219df\" data-id=\"f6219df\" data-element_type=\"column\">\n\t\t\t<div class=\"elementor-widget-wrap elementor-element-populated\">\n\t\t\t\t\t\t<section class=\"elementor-section elementor-inner-section elementor-element elementor-element-cd455d4 elementor-section-boxed elementor-section-height-default elementor-section-height-default wpr-particle-no wpr-jarallax-no wpr-parallax-no wpr-sticky-section-no\" data-id=\"cd455d4\" data-element_type=\"section\">\n\t\t\t\t\t\t<div class=\"elementor-container elementor-column-gap-default\">\n\t\t\t\t\t<div class=\"elementor-column elementor-col-100 elementor-inner-column elementor-element elementor-element-47411ea\" data-id=\"47411ea\" data-element_type=\"column\">\n\t\t\t<div class=\"elementor-widget-wrap elementor-element-populated\">\n\t\t\t\t\t\t<div class=\"elementor-element elementor-element-b2bd019 elementor-invisible elementor-widget elementor-widget-heading\" data-id=\"b2bd019\" data-element_type=\"widget\" data-settings=\"{&quot;_animation&quot;:&quot;fadeInUp&quot;}\" data-widget_type=\"heading.default\">\n\t\t\t\t<div class=\"elementor-widget-container\">\n\t\t\t<h2 class=\"elementor-heading-title elementor-size-default\">Control de Peso<\/h2>\t\t<\/div>\n\t\t\t\t<\/div>\n\t\t\t\t<div class=\"elementor-element elementor-element-bb079be elementor-invisible elementor-widget elementor-widget-text-editor\" data-id=\"bb079be\" data-element_type=\"widget\" data-settings=\"{&quot;_animation&quot;:&quot;fadeInUp&quot;}\" data-widget_type=\"text-editor.default\">\n\t\t\t\t<div class=\"elementor-widget-container\">\n\t\t\t\t\t\t\t<p><img fetchpriority=\"high\" class=\"size-medium wp-image-1743 alignright lws-optimize-lazyload\"  alt=\"\" width=\"300\" height=\"168\" \/ data-src=\"https:\/\/premierechiro.com\/wp-content\/uploads\/2025\/07\/image-3-300x168.png\" srcset=\"https:\/\/premierechiro.com\/wp-content\/uploads\/2025\/07\/image-3-300x168.png 300w, https:\/\/premierechiro.com\/wp-content\/uploads\/2025\/07\/image-3.png 504w\" sizes=\"(max-width: 300px) 100vw, 300px\" \/><\/p><p>En PremiereSports Medicine, estamos comprometidos a ayudarte a perder peso de manera segura, efectiva y sostenible. M\u00e1s all\u00e1 de los resultados a corto plazo, nuestro objetivo es guiarte hacia cambios de estilo de vida significativos que mejoren tu salud y bienestar a largo plazo.<\/p><p>Nuestro m\u00e9dico realizar\u00e1 una evaluaci\u00f3n exhaustiva y desarrollar\u00e1 un plan de control de peso personalizado, adaptado a las necesidades espec\u00edficas de tu cuerpo. Ya sea que tu objetivo sea perder 1 kilo por semana o por d\u00eda, nuestro prop\u00f3sito es que este sea el \u00faltimo programa de p\u00e9rdida de peso que necesites.<\/p><p>Lo que distingue a nuestro programa es su enfoque hol\u00edstico y multidisciplinario. Integramos terapias de apoyo, como fisioterapia, terapia de masaje, acupuntura, medicina deportiva y atenci\u00f3n quiropr\u00e1ctica para abordar las causas ra\u00edz del aumento de peso, mejorar la movilidad, reducir la inflamaci\u00f3n, aliviar el estr\u00e9s y fomentar la salud metab\u00f3lica a largo plazo.<\/p>\t\t\t\t\t\t<\/div>\n\t\t\t\t<\/div>\n\t\t\t\t\t<\/div>\n\t\t<\/div>\n\t\t\t\t\t<\/div>\n\t\t<\/section>\n\t\t\t\t\t<\/div>\n\t\t<\/div>\n\t\t\t\t\t<\/div>\n\t\t<\/section>\n\t\t\t\t<section class=\"elementor-section elementor-top-section elementor-element elementor-element-b7bbb91 inner-page-gellary-section elementor-section-boxed elementor-section-height-default elementor-section-height-default wpr-particle-no wpr-jarallax-no wpr-parallax-no wpr-sticky-section-no\" data-id=\"b7bbb91\" data-element_type=\"section\" data-settings=\"{&quot;background_background&quot;:&quot;classic&quot;}\">\n\t\t\t\t\t\t<div class=\"elementor-container elementor-column-gap-default\">\n\t\t\t\t\t<div class=\"elementor-column elementor-col-100 elementor-top-column elementor-element elementor-element-7c19063\" data-id=\"7c19063\" data-element_type=\"column\">\n\t\t\t<div class=\"elementor-widget-wrap elementor-element-populated\">\n\t\t\t\t\t\t<section class=\"elementor-section elementor-inner-section elementor-element elementor-element-37f9cbf elementor-section-boxed elementor-section-height-default elementor-section-height-default wpr-particle-no wpr-jarallax-no wpr-parallax-no wpr-sticky-section-no\" data-id=\"37f9cbf\" data-element_type=\"section\">\n\t\t\t\t\t\t<div class=\"elementor-container elementor-column-gap-default\">\n\t\t\t\t\t<div class=\"elementor-column elementor-col-50 elementor-inner-column elementor-element elementor-element-4283521\" data-id=\"4283521\" data-element_type=\"column\" data-settings=\"{&quot;background_background&quot;:&quot;classic&quot;}\">\n\t\t\t<div class=\"elementor-widget-wrap elementor-element-populated\">\n\t\t\t\t\t\t<div class=\"elementor-element elementor-element-2471eb6 elementor-invisible elementor-widget elementor-widget-heading\" data-id=\"2471eb6\" data-element_type=\"widget\" data-settings=\"{&quot;_animation&quot;:&quot;fadeInUp&quot;}\" data-widget_type=\"heading.default\">\n\t\t\t\t<div class=\"elementor-widget-container\">\n\t\t\t<h6 class=\"elementor-heading-title elementor-size-default\">El programa m\u00e9dico de control de peso incluye:<\/h6>\t\t<\/div>\n\t\t\t\t<\/div>\n\t\t\t\t<div class=\"elementor-element elementor-element-a420fea elementor-invisible elementor-widget elementor-widget-text-editor\" data-id=\"a420fea\" data-element_type=\"widget\" data-settings=\"{&quot;_animation&quot;:&quot;fadeInUp&quot;}\" data-widget_type=\"text-editor.default\">\n\t\t\t\t<div class=\"elementor-widget-container\">\n\t\t\t\t\t\t\t<ul><li><strong>Dieta HCG de grado m\u00e9dico<\/strong><\/li><li><strong>Inyecciones lipotr\u00f3picas de vitamina B12<\/strong><\/li><li><strong>Asesoramiento en ejercicio y nutrici\u00f3n<\/strong><\/li><li><strong>Acupuntura para la p\u00e9rdida de peso<\/strong><\/li><\/ul>\t\t\t\t\t\t<\/div>\n\t\t\t\t<\/div>\n\t\t\t\t\t<\/div>\n\t\t<\/div>\n\t\t\t\t<div class=\"elementor-column elementor-col-50 elementor-inner-column elementor-element elementor-element-33be213\" data-id=\"33be213\" data-element_type=\"column\" data-settings=\"{&quot;background_background&quot;:&quot;classic&quot;}\">\n\t\t\t<div class=\"elementor-widget-wrap elementor-element-populated\">\n\t\t\t\t\t\t<div class=\"elementor-element elementor-element-f40cfbe elementor-widget elementor-widget-image\" data-id=\"f40cfbe\" data-element_type=\"widget\" data-widget_type=\"image.default\">\n\t\t\t\t<div class=\"elementor-widget-container\">\n\t\t\t\t\t\t\t\t\t\t\t\t\t<img width=\"400\" height=\"300\"  class=\"attachment-full size-full wp-image-2018 lws-optimize-lazyload\" alt=\"\" srcset=\"https:\/\/premierechiro.com\/wp-content\/uploads\/2022\/03\/weightloss-1.jpg 400w, https:\/\/premierechiro.com\/wp-content\/uploads\/2022\/03\/weightloss-1-300x225.jpg 300w\" sizes=\"(max-width: 400px) 100vw, 400px\" \/ data-src=\"https:\/\/premierechiro.com\/wp-content\/uploads\/2022\/03\/weightloss-1.jpg\">\t\t\t\t\t\t\t\t\t\t\t\t\t<\/div>\n\t\t\t\t<\/div>\n\t\t\t\t\t<\/div>\n\t\t<\/div>\n\t\t\t\t\t<\/div>\n\t\t<\/section>\n\t\t\t\t\t<\/div>\n\t\t<\/div>\n\t\t\t\t\t<\/div>\n\t\t<\/section>\n\t\t\t\t<\/div>\n\t\t","protected":false},"excerpt":{"rendered":"<p>Tratamientos Garantizados para la P\u00e9rdida de Peso Programar una cita Control de Peso En PremiereSports Medicine, estamos comprometidos a ayudarte a perder peso de manera segura, efectiva y sostenible. M\u00e1s&#8230;<\/p>\n","protected":false},"author":1,"featured_media":0,"parent":0,"menu_order":0,"comment_status":"closed","ping_status":"closed","template":"full_width.php","meta":{"_acf_changed":false,"footnotes":""},"class_list":["post-2072","page","type-page","status-publish","hentry"],"acf":[],"yoast_head":"<!-- This site is optimized with the Yoast SEO plugin v26.1.1 - https:\/\/yoast.com\/wordpress\/plugins\/seo\/ -->\n<title>Programa Control de Peso<\/title>\n<meta name=\"robots\" content=\"index, follow, max-snippet:-1, max-image-preview:large, max-video-preview:-1\" \/>\n<link rel=\"canonical\" href=\"https:\/\/premierechiro.com\/es\/medical-weight-loss\/\" \/>\n<meta property=\"og:locale\" content=\"es_ES\" \/>\n<meta property=\"og:type\" content=\"article\" \/>\n<meta property=\"og:title\" content=\"Programa Control de Peso\" \/>\n<meta property=\"og:description\" content=\"Tratamientos Garantizados para la P\u00e9rdida de Peso Programar una cita Control de Peso En PremiereSports Medicine, estamos comprometidos a ayudarte a perder peso de manera segura, efectiva y sostenible. M\u00e1s...\" \/>\n<meta property=\"og:url\" content=\"https:\/\/premierechiro.com\/es\/medical-weight-loss\/\" \/>\n<meta property=\"og:site_name\" content=\"Premierechiro\" \/>\n<meta property=\"article:modified_time\" content=\"2025-10-02T05:27:18+00:00\" \/>\n<meta property=\"og:image\" content=\"https:\/\/premierechiro.com\/wp-content\/uploads\/2025\/07\/image-3-300x168.png\" \/>\n<meta name=\"twitter:card\" content=\"summary_large_image\" \/>\n<meta name=\"twitter:label1\" content=\"Tiempo de lectura\" \/>\n\t<meta name=\"twitter:data1\" content=\"1 minuto\" \/>\n<script type=\"application\/ld+json\" class=\"yoast-schema-graph\">{\"@context\":\"https:\/\/schema.org\",\"@graph\":[{\"@type\":\"WebPage\",\"@id\":\"https:\/\/premierechiro.com\/es\/medical-weight-loss\/\",\"url\":\"https:\/\/premierechiro.com\/es\/medical-weight-loss\/\",\"name\":\"Programa Control de Peso\",\"isPartOf\":{\"@id\":\"https:\/\/premierechiro.com\/#website\"},\"primaryImageOfPage\":{\"@id\":\"https:\/\/premierechiro.com\/es\/medical-weight-loss\/#primaryimage\"},\"image\":{\"@id\":\"https:\/\/premierechiro.com\/es\/medical-weight-loss\/#primaryimage\"},\"thumbnailUrl\":\"https:\/\/premierechiro.com\/wp-content\/uploads\/2025\/07\/image-3-300x168.png\",\"datePublished\":\"2024-10-16T09:32:14+00:00\",\"dateModified\":\"2025-10-02T05:27:18+00:00\",\"breadcrumb\":{\"@id\":\"https:\/\/premierechiro.com\/es\/medical-weight-loss\/#breadcrumb\"},\"inLanguage\":\"es\",\"potentialAction\":[{\"@type\":\"ReadAction\",\"target\":[\"https:\/\/premierechiro.com\/es\/medical-weight-loss\/\"]}]},{\"@type\":\"ImageObject\",\"inLanguage\":\"es\",\"@id\":\"https:\/\/premierechiro.com\/es\/medical-weight-loss\/#primaryimage\",\"url\":\"https:\/\/premierechiro.com\/wp-content\/uploads\/2025\/07\/image-3-300x168.png\",\"contentUrl\":\"https:\/\/premierechiro.com\/wp-content\/uploads\/2025\/07\/image-3-300x168.png\"},{\"@type\":\"BreadcrumbList\",\"@id\":\"https:\/\/premierechiro.com\/es\/medical-weight-loss\/#breadcrumb\",\"itemListElement\":[{\"@type\":\"ListItem\",\"position\":1,\"name\":\"Home\",\"item\":\"https:\/\/premierechiro.com\/\"},{\"@type\":\"ListItem\",\"position\":2,\"name\":\"Control de Peso\"}]},{\"@type\":\"WebSite\",\"@id\":\"https:\/\/premierechiro.com\/#website\",\"url\":\"https:\/\/premierechiro.com\/\",\"name\":\"Premierechiro\",\"description\":\"Premiere Chiropractic &amp; Sports Medicine\",\"potentialAction\":[{\"@type\":\"SearchAction\",\"target\":{\"@type\":\"EntryPoint\",\"urlTemplate\":\"https:\/\/premierechiro.com\/?s={search_term_string}\"},\"query-input\":{\"@type\":\"PropertyValueSpecification\",\"valueRequired\":true,\"valueName\":\"search_term_string\"}}],\"inLanguage\":\"es\"}]}<\/script>\n<!-- \/ Yoast SEO plugin. -->","yoast_head_json":{"title":"Programa Control de Peso","robots":{"index":"index","follow":"follow","max-snippet":"max-snippet:-1","max-image-preview":"max-image-preview:large","max-video-preview":"max-video-preview:-1"},"canonical":"https:\/\/premierechiro.com\/es\/medical-weight-loss\/","og_locale":"es_ES","og_type":"article","og_title":"Programa Control de Peso","og_description":"Tratamientos Garantizados para la P\u00e9rdida de Peso Programar una cita Control de Peso En PremiereSports Medicine, estamos comprometidos a ayudarte a perder peso de manera segura, efectiva y sostenible. M\u00e1s...","og_url":"https:\/\/premierechiro.com\/es\/medical-weight-loss\/","og_site_name":"Premierechiro","article_modified_time":"2025-10-02T05:27:18+00:00","og_image":[{"url":"https:\/\/premierechiro.com\/wp-content\/uploads\/2025\/07\/image-3-300x168.png","type":"","width":"","height":""}],"twitter_card":"summary_large_image","twitter_misc":{"Tiempo de lectura":"1 minuto"},"schema":{"@context":"https:\/\/schema.org","@graph":[{"@type":"WebPage","@id":"https:\/\/premierechiro.com\/es\/medical-weight-loss\/","url":"https:\/\/premierechiro.com\/es\/medical-weight-loss\/","name":"Programa Control de Peso","isPartOf":{"@id":"https:\/\/premierechiro.com\/#website"},"primaryImageOfPage":{"@id":"https:\/\/premierechiro.com\/es\/medical-weight-loss\/#primaryimage"},"image":{"@id":"https:\/\/premierechiro.com\/es\/medical-weight-loss\/#primaryimage"},"thumbnailUrl":"https:\/\/premierechiro.com\/wp-content\/uploads\/2025\/07\/image-3-300x168.png","datePublished":"2024-10-16T09:32:14+00:00","dateModified":"2025-10-02T05:27:18+00:00","breadcrumb":{"@id":"https:\/\/premierechiro.com\/es\/medical-weight-loss\/#breadcrumb"},"inLanguage":"es","potentialAction":[{"@type":"ReadAction","target":["https:\/\/premierechiro.com\/es\/medical-weight-loss\/"]}]},{"@type":"ImageObject","inLanguage":"es","@id":"https:\/\/premierechiro.com\/es\/medical-weight-loss\/#primaryimage","url":"https:\/\/premierechiro.com\/wp-content\/uploads\/2025\/07\/image-3-300x168.png","contentUrl":"https:\/\/premierechiro.com\/wp-content\/uploads\/2025\/07\/image-3-300x168.png"},{"@type":"BreadcrumbList","@id":"https:\/\/premierechiro.com\/es\/medical-weight-loss\/#breadcrumb","itemListElement":[{"@type":"ListItem","position":1,"name":"Home","item":"https:\/\/premierechiro.com\/"},{"@type":"ListItem","position":2,"name":"Control de Peso"}]},{"@type":"WebSite","@id":"https:\/\/premierechiro.com\/#website","url":"https:\/\/premierechiro.com\/","name":"Premierechiro","description":"Premiere Chiropractic &amp; Sports Medicine","potentialAction":[{"@type":"SearchAction","target":{"@type":"EntryPoint","urlTemplate":"https:\/\/premierechiro.com\/?s={search_term_string}"},"query-input":{"@type":"PropertyValueSpecification","valueRequired":true,"valueName":"search_term_string"}}],"inLanguage":"es"}]}},"_links":{"self":[{"href":"https:\/\/premierechiro.com\/es\/wp-json\/wp\/v2\/pages\/2072","targetHints":{"allow":["GET"]}}],"collection":[{"href":"https:\/\/premierechiro.com\/es\/wp-json\/wp\/v2\/pages"}],"about":[{"href":"https:\/\/premierechiro.com\/es\/wp-json\/wp\/v2\/types\/page"}],"author":[{"embeddable":true,"href":"https:\/\/premierechiro.com\/es\/wp-json\/wp\/v2\/users\/1"}],"replies":[{"embeddable":true,"href":"https:\/\/premierechiro.com\/es\/wp-json\/wp\/v2\/comments?post=2072"}],"version-history":[{"count":0,"href":"https:\/\/premierechiro.com\/es\/wp-json\/wp\/v2\/pages\/2072\/revisions"}],"wp:attachment":[{"href":"https:\/\/premierechiro.com\/es\/wp-json\/wp\/v2\/media?parent=2072"}],"curies":[{"name":"wp","href":"https:\/\/api.w.org\/{rel}","templated":true}]}}