{"id":2063,"date":"2024-10-15T14:27:38","date_gmt":"2024-10-15T14:27:38","guid":{"rendered":"https:\/\/premierestg.wpengine.com\/physical-therapy\/"},"modified":"2025-10-02T05:13:34","modified_gmt":"2025-10-02T05:13:34","slug":"physical-therapy","status":"publish","type":"page","link":"https:\/\/premierechiro.com\/es\/physical-therapy\/","title":{"rendered":"Terapia F\u00edsica"},"content":{"rendered":"\t\t<div data-elementor-type=\"wp-page\" data-elementor-id=\"2063\" class=\"elementor elementor-2063 elementor-1146\" data-elementor-post-type=\"page\">\n\t\t\t\t\t\t<section class=\"elementor-section elementor-top-section elementor-element elementor-element-40e2a1ee0 inner-banner-section elementor-section-boxed elementor-section-height-default elementor-section-height-default wpr-particle-no wpr-jarallax-no wpr-parallax-no wpr-sticky-section-no\" data-id=\"40e2a1ee0\" data-element_type=\"section\" data-settings=\"{&quot;background_background&quot;:&quot;classic&quot;}\">\n\t\t\t\t\t\t<div class=\"elementor-container elementor-column-gap-default\">\n\t\t\t\t\t<div class=\"elementor-column elementor-col-100 elementor-top-column elementor-element elementor-element-164719f1\" data-id=\"164719f1\" data-element_type=\"column\">\n\t\t\t<div class=\"elementor-widget-wrap elementor-element-populated\">\n\t\t\t\t\t\t<section class=\"elementor-section elementor-inner-section elementor-element elementor-element-6259233c elementor-section-full_width elementor-section-height-min-height elementor-section-content-bottom elementor-section-height-default wpr-particle-no wpr-jarallax-no wpr-parallax-no wpr-sticky-section-no\" data-id=\"6259233c\" data-element_type=\"section\" data-settings=\"{&quot;background_background&quot;:&quot;classic&quot;}\">\n\t\t\t\t\t\t<div class=\"elementor-container elementor-column-gap-no\">\n\t\t\t\t\t<div class=\"elementor-column elementor-col-50 elementor-inner-column elementor-element elementor-element-238dc785\" data-id=\"238dc785\" data-element_type=\"column\">\n\t\t\t<div class=\"elementor-widget-wrap elementor-element-populated\">\n\t\t\t\t\t\t<div class=\"elementor-element elementor-element-90dd038 elementor-widget elementor-widget-heading\" data-id=\"90dd038\" data-element_type=\"widget\" data-widget_type=\"heading.default\">\n\t\t\t\t<div class=\"elementor-widget-container\">\n\t\t\t<h1 class=\"elementor-heading-title elementor-size-default\">Tratamiento Efectivo para el alivio del dolor<\/h1>\t\t<\/div>\n\t\t\t\t<\/div>\n\t\t\t\t<div class=\"elementor-element elementor-element-e866b0f elementor-align-left elementor-widget elementor-widget-button\" data-id=\"e866b0f\" data-element_type=\"widget\" data-widget_type=\"button.default\">\n\t\t\t\t<div class=\"elementor-widget-container\">\n\t\t\t\t\t<div class=\"elementor-button-wrapper\">\n\t\t\t<a class=\"elementor-button elementor-button-link elementor-size-sm\" href=\"https:\/\/premierechiro.com\/schedule-an-appointment\/\">\n\t\t\t\t\t\t<span class=\"elementor-button-content-wrapper\">\n\t\t\t\t\t\t<span class=\"elementor-button-icon\">\n\t\t\t\t<svg aria-hidden=\"true\" class=\"e-font-icon-svg e-fas-angle-right\" viewBox=\"0 0 256 512\" xmlns=\"http:\/\/www.w3.org\/2000\/svg\"><path d=\"M224.3 273l-136 136c-9.4 9.4-24.6 9.4-33.9 0l-22.6-22.6c-9.4-9.4-9.4-24.6 0-33.9l96.4-96.4-96.4-96.4c-9.4-9.4-9.4-24.6 0-33.9L54.3 103c9.4-9.4 24.6-9.4 33.9 0l136 136c9.5 9.4 9.5 24.6.1 34z\"><\/path><\/svg>\t\t\t<\/span>\n\t\t\t\t\t\t\t\t\t<span class=\"elementor-button-text\">Programar una cita<\/span>\n\t\t\t\t\t<\/span>\n\t\t\t\t\t<\/a>\n\t\t<\/div>\n\t\t\t\t<\/div>\n\t\t\t\t<\/div>\n\t\t\t\t\t<\/div>\n\t\t<\/div>\n\t\t\t\t<div class=\"elementor-column elementor-col-50 elementor-inner-column elementor-element elementor-element-052b034 elementor-invisible\" data-id=\"052b034\" data-element_type=\"column\" data-settings=\"{&quot;animation&quot;:&quot;slideInUp&quot;,&quot;background_background&quot;:&quot;classic&quot;}\">\n\t\t\t<div class=\"elementor-widget-wrap\">\n\t\t\t\t\t\t\t<\/div>\n\t\t<\/div>\n\t\t\t\t\t<\/div>\n\t\t<\/section>\n\t\t\t\t\t<\/div>\n\t\t<\/div>\n\t\t\t\t\t<\/div>\n\t\t<\/section>\n\t\t\t\t<section class=\"elementor-section elementor-top-section elementor-element elementor-element-8b9d814 inner-page-content-section elementor-section-boxed elementor-section-height-default elementor-section-height-default wpr-particle-no wpr-jarallax-no wpr-parallax-no wpr-sticky-section-no\" data-id=\"8b9d814\" data-element_type=\"section\" data-settings=\"{&quot;background_background&quot;:&quot;classic&quot;}\">\n\t\t\t\t\t\t<div class=\"elementor-container elementor-column-gap-default\">\n\t\t\t\t\t<div class=\"elementor-column elementor-col-50 elementor-top-column elementor-element elementor-element-f6219df inner-sidebar-section\" data-id=\"f6219df\" data-element_type=\"column\">\n\t\t\t<div class=\"elementor-widget-wrap elementor-element-populated\">\n\t\t\t\t\t\t<div class=\"elementor-element elementor-element-ec487c4 elementor-widget elementor-widget-shortcode\" data-id=\"ec487c4\" data-element_type=\"widget\" data-widget_type=\"shortcode.default\">\n\t\t\t\t<div class=\"elementor-widget-container\">\n\t\t\t\t\t<div class=\"elementor-shortcode\"><ul><li class=\"page_item page-item-2424\"><a href=\"https:\/\/premierechiro.com\/es\/physical-therapy\/physical-therapy-for-car-accident-injuries\/\">Fisioterapia para lesiones por accidentes automovil\u00edsticos<\/a><\/li>\n<\/ul><\/div>\n\t\t\t\t<\/div>\n\t\t\t\t<\/div>\n\t\t\t\t\t<\/div>\n\t\t<\/div>\n\t\t\t\t<div class=\"elementor-column elementor-col-50 elementor-top-column elementor-element elementor-element-d46757c\" data-id=\"d46757c\" data-element_type=\"column\">\n\t\t\t<div class=\"elementor-widget-wrap elementor-element-populated\">\n\t\t\t\t\t\t<section class=\"elementor-section elementor-inner-section elementor-element elementor-element-6c918ff elementor-section-boxed elementor-section-height-default elementor-section-height-default wpr-particle-no wpr-jarallax-no wpr-parallax-no wpr-sticky-section-no\" data-id=\"6c918ff\" data-element_type=\"section\">\n\t\t\t\t\t\t<div class=\"elementor-container elementor-column-gap-default\">\n\t\t\t\t\t<div class=\"elementor-column elementor-col-100 elementor-inner-column elementor-element elementor-element-0d48eb6\" data-id=\"0d48eb6\" data-element_type=\"column\">\n\t\t\t<div class=\"elementor-widget-wrap elementor-element-populated\">\n\t\t\t\t\t\t<div class=\"elementor-element elementor-element-4e4cd05 elementor-invisible elementor-widget elementor-widget-heading\" data-id=\"4e4cd05\" data-element_type=\"widget\" data-settings=\"{&quot;_animation&quot;:&quot;fadeInUp&quot;}\" data-widget_type=\"heading.default\">\n\t\t\t\t<div class=\"elementor-widget-container\">\n\t\t\t<h2 class=\"elementor-heading-title elementor-size-default\">Terapia F\u00edsica<\/h2>\t\t<\/div>\n\t\t\t\t<\/div>\n\t\t\t\t<div class=\"elementor-element elementor-element-22a182c elementor-invisible elementor-widget elementor-widget-text-editor\" data-id=\"22a182c\" data-element_type=\"widget\" data-settings=\"{&quot;_animation&quot;:&quot;fadeInUp&quot;}\" data-widget_type=\"text-editor.default\">\n\t\t\t\t<div class=\"elementor-widget-container\">\n\t\t\t\t\t\t\t<p>En PremiereSports Medicine, estamos comprometidos a brindar servicios expertos de terapia f\u00edsica adaptados a la condici\u00f3n \u00fanica de cada paciente y a sus objetivos de recuperaci\u00f3n. Nuestros fisioterapeutas licenciados realizan una evaluaci\u00f3n integral para desarrollar un plan de tratamiento personalizado dise\u00f1ado para restaurar la funci\u00f3n, reducir el dolor y mejorar la movilidad general. Ya sea que est\u00e9s recuper\u00e1ndote de una cirug\u00eda, manejando una condici\u00f3n cr\u00f3nica o sanando de una lesi\u00f3n, te ofrecemos el apoyo y la orientaci\u00f3n que necesitas en cada etapa del proceso.<\/p><p>Damos prioridad a la educaci\u00f3n del paciente, asegur\u00e1ndonos de que comprendas completamente tu diagn\u00f3stico y las opciones de tratamiento disponibles. Al empoderarte con conocimiento, te ayudamos a desempe\u00f1ar un papel activo en tu recuperaci\u00f3n. Nuestros terapeutas trabajan estrechamente contigo para establecer metas realistas y alcanzables, y ajustan continuamente tu plan seg\u00fan tu progreso. Este enfoque colaborativo ayuda a maximizar los resultados y a desarrollar una resiliencia f\u00edsica a largo plazo.<\/p>\t\t\t\t\t\t<\/div>\n\t\t\t\t<\/div>\n\t\t\t\t\t<\/div>\n\t\t<\/div>\n\t\t\t\t\t<\/div>\n\t\t<\/section>\n\t\t\t\t<section class=\"elementor-section elementor-inner-section elementor-element elementor-element-85300f3 elementor-section-boxed elementor-section-height-default elementor-section-height-default wpr-particle-no wpr-jarallax-no wpr-parallax-no wpr-sticky-section-no\" data-id=\"85300f3\" data-element_type=\"section\">\n\t\t\t\t\t\t<div class=\"elementor-container elementor-column-gap-default\">\n\t\t\t\t\t<div class=\"elementor-column elementor-col-50 elementor-inner-column elementor-element elementor-element-50ba1d5\" data-id=\"50ba1d5\" data-element_type=\"column\" data-settings=\"{&quot;background_background&quot;:&quot;classic&quot;}\">\n\t\t\t<div class=\"elementor-widget-wrap elementor-element-populated\">\n\t\t\t\t\t\t<div class=\"elementor-element elementor-element-ce64201 elementor-widget elementor-widget-image\" data-id=\"ce64201\" data-element_type=\"widget\" data-widget_type=\"image.default\">\n\t\t\t\t<div class=\"elementor-widget-container\">\n\t\t\t\t\t\t\t\t\t\t\t\t\t<img fetchpriority=\"high\" width=\"300\" height=\"200\"  class=\"attachment-full size-full wp-image-1945 lws-optimize-lazyload\" alt=\"\" \/ data-src=\"https:\/\/premierechiro.com\/wp-content\/uploads\/2022\/03\/physical1-1.jpg\">\t\t\t\t\t\t\t\t\t\t\t\t\t<\/div>\n\t\t\t\t<\/div>\n\t\t\t\t\t<\/div>\n\t\t<\/div>\n\t\t\t\t<div class=\"elementor-column elementor-col-50 elementor-inner-column elementor-element elementor-element-700bcbf\" data-id=\"700bcbf\" data-element_type=\"column\" data-settings=\"{&quot;background_background&quot;:&quot;classic&quot;}\">\n\t\t\t<div class=\"elementor-widget-wrap elementor-element-populated\">\n\t\t\t\t\t\t<div class=\"elementor-element elementor-element-f8861cb elementor-widget elementor-widget-image\" data-id=\"f8861cb\" data-element_type=\"widget\" data-widget_type=\"image.default\">\n\t\t\t\t<div class=\"elementor-widget-container\">\n\t\t\t\t\t\t\t\t\t\t\t\t\t<img width=\"300\" height=\"200\"  class=\"attachment-full size-full wp-image-1946 lws-optimize-lazyload\" alt=\"\" \/ data-src=\"https:\/\/premierechiro.com\/wp-content\/uploads\/2022\/03\/physical2-1.jpg\">\t\t\t\t\t\t\t\t\t\t\t\t\t<\/div>\n\t\t\t\t<\/div>\n\t\t\t\t\t<\/div>\n\t\t<\/div>\n\t\t\t\t\t<\/div>\n\t\t<\/section>\n\t\t\t\t<section class=\"elementor-section elementor-inner-section elementor-element elementor-element-be7787c elementor-section-boxed elementor-section-height-default elementor-section-height-default wpr-particle-no wpr-jarallax-no wpr-parallax-no wpr-sticky-section-no\" data-id=\"be7787c\" data-element_type=\"section\">\n\t\t\t\t\t\t<div class=\"elementor-container elementor-column-gap-default\">\n\t\t\t\t\t<div class=\"elementor-column elementor-col-100 elementor-inner-column elementor-element elementor-element-c10a412\" data-id=\"c10a412\" data-element_type=\"column\">\n\t\t\t<div class=\"elementor-widget-wrap elementor-element-populated\">\n\t\t\t\t\t\t<div class=\"elementor-element elementor-element-bddcf88 elementor-invisible elementor-widget elementor-widget-text-editor\" data-id=\"bddcf88\" data-element_type=\"widget\" data-settings=\"{&quot;_animation&quot;:&quot;fadeInUp&quot;}\" data-widget_type=\"text-editor.default\">\n\t\t\t\t<div class=\"elementor-widget-container\">\n\t\t\t\t\t\t\t<p>Adem\u00e1s, mantenemos una comunicaci\u00f3n constante con tu m\u00e9dico remitente para garantizar una atenci\u00f3n coordinada y sin interrupciones. Esta estrategia integradora nos permite adaptar tu terapia a cualquier actualizaci\u00f3n m\u00e9dica, asegurando que tu plan de recuperaci\u00f3n est\u00e9 alineado con tus necesidades generales de salud. Tratamos una amplia variedad de condiciones, incluidas lesiones ortop\u00e9dicas, traumatismos deportivos, rehabilitaci\u00f3n postoperatoria, artritis y trastornos neurol\u00f3gicos.<\/p>\t\t\t\t\t\t<\/div>\n\t\t\t\t<\/div>\n\t\t\t\t\t<\/div>\n\t\t<\/div>\n\t\t\t\t\t<\/div>\n\t\t<\/section>\n\t\t\t\t\t<\/div>\n\t\t<\/div>\n\t\t\t\t\t<\/div>\n\t\t<\/section>\n\t\t\t\t<\/div>\n\t\t","protected":false},"excerpt":{"rendered":"<p>Tratamiento Efectivo para el alivio del dolor Programar una cita Terapia F\u00edsica En PremiereSports Medicine, estamos comprometidos a brindar servicios expertos de terapia f\u00edsica adaptados a la condici\u00f3n \u00fanica de&#8230;<\/p>\n","protected":false},"author":1,"featured_media":0,"parent":0,"menu_order":0,"comment_status":"closed","ping_status":"closed","template":"full_width.php","meta":{"_acf_changed":false,"footnotes":""},"class_list":["post-2063","page","type-page","status-publish","hentry"],"acf":[],"yoast_head":"<!-- This site is optimized with the Yoast SEO plugin v26.1.1 - https:\/\/yoast.com\/wordpress\/plugins\/seo\/ -->\n<title>Terapia Fisica\u2013 Tratamiento Efectivo para el alivio del dolor<\/title>\n<meta name=\"description\" content=\"We offer manual therapy and specialized hands-on massage techniques for all types injuries. We will help you make a full and fast recovery. Call today!\" \/>\n<meta name=\"robots\" content=\"index, follow, max-snippet:-1, max-image-preview:large, max-video-preview:-1\" \/>\n<link rel=\"canonical\" href=\"https:\/\/premierechiro.com\/es\/physical-therapy\/\" \/>\n<meta property=\"og:locale\" content=\"es_ES\" \/>\n<meta property=\"og:type\" content=\"article\" \/>\n<meta property=\"og:title\" content=\"Terapia Fisica\u2013 Tratamiento Efectivo para el alivio del dolor\" \/>\n<meta property=\"og:description\" content=\"We offer manual therapy and specialized hands-on massage techniques for all types injuries. We will help you make a full and fast recovery. Call today!\" \/>\n<meta property=\"og:url\" content=\"https:\/\/premierechiro.com\/es\/physical-therapy\/\" \/>\n<meta property=\"og:site_name\" content=\"Premierechiro\" \/>\n<meta property=\"article:modified_time\" content=\"2025-10-02T05:13:34+00:00\" \/>\n<meta property=\"og:image\" content=\"https:\/\/premierechiro.com\/wp-content\/uploads\/2022\/03\/physical1-1.jpg\" \/>\n<meta name=\"twitter:card\" content=\"summary_large_image\" \/>\n<meta name=\"twitter:label1\" content=\"Tiempo de lectura\" \/>\n\t<meta name=\"twitter:data1\" content=\"1 minuto\" \/>\n<script type=\"application\/ld+json\" class=\"yoast-schema-graph\">{\"@context\":\"https:\/\/schema.org\",\"@graph\":[{\"@type\":\"WebPage\",\"@id\":\"https:\/\/premierechiro.com\/es\/physical-therapy\/\",\"url\":\"https:\/\/premierechiro.com\/es\/physical-therapy\/\",\"name\":\"Terapia Fisica\u2013 Tratamiento Efectivo para el alivio del dolor\",\"isPartOf\":{\"@id\":\"https:\/\/premierechiro.com\/#website\"},\"primaryImageOfPage\":{\"@id\":\"https:\/\/premierechiro.com\/es\/physical-therapy\/#primaryimage\"},\"image\":{\"@id\":\"https:\/\/premierechiro.com\/es\/physical-therapy\/#primaryimage\"},\"thumbnailUrl\":\"https:\/\/premierechiro.com\/wp-content\/uploads\/2022\/03\/physical1-1.jpg\",\"datePublished\":\"2024-10-15T14:27:38+00:00\",\"dateModified\":\"2025-10-02T05:13:34+00:00\",\"description\":\"We offer manual therapy and specialized hands-on massage techniques for all types injuries. We will help you make a full and fast recovery. Call today!\",\"breadcrumb\":{\"@id\":\"https:\/\/premierechiro.com\/es\/physical-therapy\/#breadcrumb\"},\"inLanguage\":\"es\",\"potentialAction\":[{\"@type\":\"ReadAction\",\"target\":[\"https:\/\/premierechiro.com\/es\/physical-therapy\/\"]}]},{\"@type\":\"ImageObject\",\"inLanguage\":\"es\",\"@id\":\"https:\/\/premierechiro.com\/es\/physical-therapy\/#primaryimage\",\"url\":\"https:\/\/premierechiro.com\/wp-content\/uploads\/2022\/03\/physical1-1.jpg\",\"contentUrl\":\"https:\/\/premierechiro.com\/wp-content\/uploads\/2022\/03\/physical1-1.jpg\"},{\"@type\":\"BreadcrumbList\",\"@id\":\"https:\/\/premierechiro.com\/es\/physical-therapy\/#breadcrumb\",\"itemListElement\":[{\"@type\":\"ListItem\",\"position\":1,\"name\":\"Home\",\"item\":\"https:\/\/premierechiro.com\/\"},{\"@type\":\"ListItem\",\"position\":2,\"name\":\"Terapia F\u00edsica\"}]},{\"@type\":\"WebSite\",\"@id\":\"https:\/\/premierechiro.com\/#website\",\"url\":\"https:\/\/premierechiro.com\/\",\"name\":\"Premierechiro\",\"description\":\"Premiere Chiropractic &amp; Sports Medicine\",\"potentialAction\":[{\"@type\":\"SearchAction\",\"target\":{\"@type\":\"EntryPoint\",\"urlTemplate\":\"https:\/\/premierechiro.com\/?s={search_term_string}\"},\"query-input\":{\"@type\":\"PropertyValueSpecification\",\"valueRequired\":true,\"valueName\":\"search_term_string\"}}],\"inLanguage\":\"es\"}]}<\/script>\n<!-- \/ Yoast SEO plugin. -->","yoast_head_json":{"title":"Terapia Fisica\u2013 Tratamiento Efectivo para el alivio del dolor","description":"We offer manual therapy and specialized hands-on massage techniques for all types injuries. We will help you make a full and fast recovery. Call today!","robots":{"index":"index","follow":"follow","max-snippet":"max-snippet:-1","max-image-preview":"max-image-preview:large","max-video-preview":"max-video-preview:-1"},"canonical":"https:\/\/premierechiro.com\/es\/physical-therapy\/","og_locale":"es_ES","og_type":"article","og_title":"Terapia Fisica\u2013 Tratamiento Efectivo para el alivio del dolor","og_description":"We offer manual therapy and specialized hands-on massage techniques for all types injuries. We will help you make a full and fast recovery. Call today!","og_url":"https:\/\/premierechiro.com\/es\/physical-therapy\/","og_site_name":"Premierechiro","article_modified_time":"2025-10-02T05:13:34+00:00","og_image":[{"url":"https:\/\/premierechiro.com\/wp-content\/uploads\/2022\/03\/physical1-1.jpg","type":"","width":"","height":""}],"twitter_card":"summary_large_image","twitter_misc":{"Tiempo de lectura":"1 minuto"},"schema":{"@context":"https:\/\/schema.org","@graph":[{"@type":"WebPage","@id":"https:\/\/premierechiro.com\/es\/physical-therapy\/","url":"https:\/\/premierechiro.com\/es\/physical-therapy\/","name":"Terapia Fisica\u2013 Tratamiento Efectivo para el alivio del dolor","isPartOf":{"@id":"https:\/\/premierechiro.com\/#website"},"primaryImageOfPage":{"@id":"https:\/\/premierechiro.com\/es\/physical-therapy\/#primaryimage"},"image":{"@id":"https:\/\/premierechiro.com\/es\/physical-therapy\/#primaryimage"},"thumbnailUrl":"https:\/\/premierechiro.com\/wp-content\/uploads\/2022\/03\/physical1-1.jpg","datePublished":"2024-10-15T14:27:38+00:00","dateModified":"2025-10-02T05:13:34+00:00","description":"We offer manual therapy and specialized hands-on massage techniques for all types injuries. We will help you make a full and fast recovery. Call today!","breadcrumb":{"@id":"https:\/\/premierechiro.com\/es\/physical-therapy\/#breadcrumb"},"inLanguage":"es","potentialAction":[{"@type":"ReadAction","target":["https:\/\/premierechiro.com\/es\/physical-therapy\/"]}]},{"@type":"ImageObject","inLanguage":"es","@id":"https:\/\/premierechiro.com\/es\/physical-therapy\/#primaryimage","url":"https:\/\/premierechiro.com\/wp-content\/uploads\/2022\/03\/physical1-1.jpg","contentUrl":"https:\/\/premierechiro.com\/wp-content\/uploads\/2022\/03\/physical1-1.jpg"},{"@type":"BreadcrumbList","@id":"https:\/\/premierechiro.com\/es\/physical-therapy\/#breadcrumb","itemListElement":[{"@type":"ListItem","position":1,"name":"Home","item":"https:\/\/premierechiro.com\/"},{"@type":"ListItem","position":2,"name":"Terapia F\u00edsica"}]},{"@type":"WebSite","@id":"https:\/\/premierechiro.com\/#website","url":"https:\/\/premierechiro.com\/","name":"Premierechiro","description":"Premiere Chiropractic &amp; Sports Medicine","potentialAction":[{"@type":"SearchAction","target":{"@type":"EntryPoint","urlTemplate":"https:\/\/premierechiro.com\/?s={search_term_string}"},"query-input":{"@type":"PropertyValueSpecification","valueRequired":true,"valueName":"search_term_string"}}],"inLanguage":"es"}]}},"_links":{"self":[{"href":"https:\/\/premierechiro.com\/es\/wp-json\/wp\/v2\/pages\/2063","targetHints":{"allow":["GET"]}}],"collection":[{"href":"https:\/\/premierechiro.com\/es\/wp-json\/wp\/v2\/pages"}],"about":[{"href":"https:\/\/premierechiro.com\/es\/wp-json\/wp\/v2\/types\/page"}],"author":[{"embeddable":true,"href":"https:\/\/premierechiro.com\/es\/wp-json\/wp\/v2\/users\/1"}],"replies":[{"embeddable":true,"href":"https:\/\/premierechiro.com\/es\/wp-json\/wp\/v2\/comments?post=2063"}],"version-history":[{"count":0,"href":"https:\/\/premierechiro.com\/es\/wp-json\/wp\/v2\/pages\/2063\/revisions"}],"wp:attachment":[{"href":"https:\/\/premierechiro.com\/es\/wp-json\/wp\/v2\/media?parent=2063"}],"curies":[{"name":"wp","href":"https:\/\/api.w.org\/{rel}","templated":true}]}}